{"id":159741,"date":"2025-09-02T14:59:04","date_gmt":"2025-09-02T11:59:04","guid":{"rendered":"https:\/\/andriusmazeika.com\/?post_type=product&#038;p=159741"},"modified":"2026-01-19T20:56:25","modified_gmt":"2026-01-19T18:56:25","slug":"dovanu-kuponas","status":"publish","type":"product","link":"https:\/\/andriusmazeika.com\/en\/preke\/dovanu-kuponas\/","title":{"rendered":"Dovan\u0173 kuponas"},"content":{"rendered":"<ul>\n<li>Kuponas galioja 6 m\u0117n.<\/li>\n<li>Fotosesijai b\u016btina u\u017esiregistruoti i\u0161 anksto \u2013 bent prie\u0161 dvi savaites.<\/li>\n<li>\u012e kupono kain\u0105 ne\u012feina studijos nuoma.<\/li>\n<li>Kuponas \u012f pinigus nekei\u010diamas.<\/li>\n<li>Kupon\u0105 galima perduoti kitam asmeniui.<\/li>\n<li>Galiojimo termin\u0105 galima prat\u0119sti dar vienam m\u0117nesiui su 30\u20ac priemoka.<\/li>\n<\/ul>\n","protected":false},"excerpt":{"rendered":"<p>Dovan\u0173 kuponas <a href=\"https:\/\/andriusmazeika.com\/asmenine-fotosesija\/\" target=\"_blank\" rel=\"noopener\">asmeninei<\/a> ar <a href=\"https:\/\/andriusmazeika.com\/nude-fotosesija\/\" target=\"_blank\" rel=\"noopener\">nude fotosesijai<\/a>, autoriniams riboto tira\u017eo <a href=\"https:\/\/andriusmazeika.com\/printai\/\" target=\"_blank\" rel=\"noopener\">printams<\/a>. Kuponas elektroninis \u2013 j\u012f gali atsispausdinti ar persi\u0173sti gav\u0117jui.<\/p>\n<p>Galioja 6 m\u0117n.<\/p>\n","protected":false},"featured_media":159755,"comment_status":"open","ping_status":"closed","template":"","meta":{"_monsterinsights_skip_tracking":false,"_monsterinsights_sitenote_active":false,"_monsterinsights_sitenote_note":"","_monsterinsights_sitenote_category":0},"product_brand":[531],"product_cat":[446],"product_tag":[],"class_list":{"0":"post-159741","1":"product","2":"type-product","3":"status-publish","4":"has-post-thumbnail","6":"product_brand-andrius-mazeika","7":"product_cat-kuponai","9":"first","10":"instock","11":"shipping-taxable","12":"purchasable","13":"product-type-variable","14":"add-to-wishlist-before_image"},"yoast_head":"<!-- This site is optimized with the Yoast SEO plugin v27.3 - https:\/\/yoast.com\/product\/yoast-seo-wordpress\/ -->\n<title>Dovan\u0173 kuponas fotosesijai, autoriniams foto printams | Andrius Ma\u017eeika<\/title>\n<meta name=\"description\" content=\"Dovan\u0173 kuponas asmeninei ar nude fotosesijai, autoriniams riboto tira\u017eo printams. Galioja 6 m\u0117n. Fotomenininkas Andrius Ma\u017eeika.\" \/>\n<meta name=\"robots\" content=\"index, follow, max-snippet:-1, max-image-preview:large, max-video-preview:-1\" \/>\n<link rel=\"canonical\" href=\"https:\/\/andriusmazeika.com\/en\/preke\/dovanu-kuponas\/\" \/>\n<meta property=\"og:locale\" content=\"en_US\" \/>\n<meta property=\"og:type\" content=\"article\" \/>\n<meta property=\"og:title\" content=\"Dovan\u0173 kuponas fotosesijai, autoriniams foto printams | Andrius Ma\u017eeika\" \/>\n<meta property=\"og:description\" content=\"Dovan\u0173 kuponas asmeninei ar nude fotosesijai, autoriniams riboto tira\u017eo printams. Galioja 6 m\u0117n. Fotomenininkas Andrius Ma\u017eeika.\" \/>\n<meta property=\"og:url\" content=\"https:\/\/andriusmazeika.com\/en\/preke\/dovanu-kuponas\/\" \/>\n<meta property=\"og:site_name\" content=\"Andrius Ma\u017eeika\" \/>\n<meta property=\"article:publisher\" content=\"https:\/\/www.facebook.com\/mazeikaphoto\/\" \/>\n<meta property=\"article:modified_time\" content=\"2026-01-19T18:56:25+00:00\" \/>\n<meta property=\"og:image\" content=\"https:\/\/andriusmazeika.com\/wp-content\/uploads\/2025\/09\/dovanu-kuponas-fotosesijai-e1756735417511.jpeg\" \/>\n\t<meta property=\"og:image:width\" content=\"1280\" \/>\n\t<meta property=\"og:image:height\" content=\"1280\" \/>\n\t<meta property=\"og:image:type\" content=\"image\/jpeg\" \/>\n<meta name=\"twitter:card\" content=\"summary_large_image\" \/>\n<meta name=\"twitter:label1\" content=\"Est. reading time\" \/>\n\t<meta name=\"twitter:data1\" content=\"1 minute\" \/>\n<script type=\"application\/ld+json\" class=\"yoast-schema-graph\">{\"@context\":\"https:\\\/\\\/schema.org\",\"@graph\":[{\"@type\":\"WebPage\",\"@id\":\"https:\\\/\\\/andriusmazeika.com\\\/en\\\/preke\\\/dovanu-kuponas\\\/\",\"url\":\"https:\\\/\\\/andriusmazeika.com\\\/en\\\/preke\\\/dovanu-kuponas\\\/\",\"name\":\"Dovan\u0173 kuponas fotosesijai, autoriniams foto printams | Andrius Ma\u017eeika\",\"isPartOf\":{\"@id\":\"https:\\\/\\\/andriusmazeika.com\\\/en\\\/#website\"},\"primaryImageOfPage\":{\"@id\":\"https:\\\/\\\/andriusmazeika.com\\\/en\\\/preke\\\/dovanu-kuponas\\\/#primaryimage\"},\"image\":{\"@id\":\"https:\\\/\\\/andriusmazeika.com\\\/en\\\/preke\\\/dovanu-kuponas\\\/#primaryimage\"},\"thumbnailUrl\":\"https:\\\/\\\/andriusmazeika.com\\\/wp-content\\\/uploads\\\/2025\\\/09\\\/dovanu-kuponas-fotosesijai-e1756735417511.jpeg\",\"datePublished\":\"2025-09-02T11:59:04+00:00\",\"dateModified\":\"2026-01-19T18:56:25+00:00\",\"description\":\"Dovan\u0173 kuponas asmeninei ar nude fotosesijai, autoriniams riboto tira\u017eo printams. Galioja 6 m\u0117n. Fotomenininkas Andrius Ma\u017eeika.\",\"breadcrumb\":{\"@id\":\"https:\\\/\\\/andriusmazeika.com\\\/en\\\/preke\\\/dovanu-kuponas\\\/#breadcrumb\"},\"inLanguage\":\"en-US\",\"potentialAction\":[{\"@type\":\"ReadAction\",\"target\":[\"https:\\\/\\\/andriusmazeika.com\\\/en\\\/preke\\\/dovanu-kuponas\\\/\"]}]},{\"@type\":\"ImageObject\",\"inLanguage\":\"en-US\",\"@id\":\"https:\\\/\\\/andriusmazeika.com\\\/en\\\/preke\\\/dovanu-kuponas\\\/#primaryimage\",\"url\":\"https:\\\/\\\/andriusmazeika.com\\\/wp-content\\\/uploads\\\/2025\\\/09\\\/dovanu-kuponas-fotosesijai-e1756735417511.jpeg\",\"contentUrl\":\"https:\\\/\\\/andriusmazeika.com\\\/wp-content\\\/uploads\\\/2025\\\/09\\\/dovanu-kuponas-fotosesijai-e1756735417511.jpeg\",\"width\":1280,\"height\":1280,\"caption\":\"Dovan\u0173 kuponas fotosesijai\"},{\"@type\":\"BreadcrumbList\",\"@id\":\"https:\\\/\\\/andriusmazeika.com\\\/en\\\/preke\\\/dovanu-kuponas\\\/#breadcrumb\",\"itemListElement\":[{\"@type\":\"ListItem\",\"position\":1,\"name\":\"Home\",\"item\":\"https:\\\/\\\/andriusmazeika.com\\\/en\\\/\"},{\"@type\":\"ListItem\",\"position\":2,\"name\":\"Printai\",\"item\":\"https:\\\/\\\/andriusmazeika.com\\\/printai\\\/\"},{\"@type\":\"ListItem\",\"position\":3,\"name\":\"Dovan\u0173 kuponas\"}]},{\"@type\":\"WebSite\",\"@id\":\"https:\\\/\\\/andriusmazeika.com\\\/en\\\/#website\",\"url\":\"https:\\\/\\\/andriusmazeika.com\\\/en\\\/\",\"name\":\"Andrius Ma\u017eeika\",\"description\":\"fotografas, fotomenininkas\",\"publisher\":{\"@id\":\"https:\\\/\\\/andriusmazeika.com\\\/en\\\/#\\\/schema\\\/person\\\/9e4f5e19350074cea8f6646d5241f5e4\"},\"potentialAction\":[{\"@type\":\"SearchAction\",\"target\":{\"@type\":\"EntryPoint\",\"urlTemplate\":\"https:\\\/\\\/andriusmazeika.com\\\/en\\\/?s={search_term_string}\"},\"query-input\":{\"@type\":\"PropertyValueSpecification\",\"valueRequired\":true,\"valueName\":\"search_term_string\"}}],\"inLanguage\":\"en-US\"},{\"@type\":[\"Person\",\"Organization\"],\"@id\":\"https:\\\/\\\/andriusmazeika.com\\\/en\\\/#\\\/schema\\\/person\\\/9e4f5e19350074cea8f6646d5241f5e4\",\"name\":\"Andrius\",\"image\":{\"@type\":\"ImageObject\",\"inLanguage\":\"en-US\",\"@id\":\"https:\\\/\\\/andriusmazeika.com\\\/wp-content\\\/uploads\\\/2023\\\/07\\\/fotografas-andrius-mazeika-mazeikashoots-avatar.jpg\",\"url\":\"https:\\\/\\\/andriusmazeika.com\\\/wp-content\\\/uploads\\\/2023\\\/07\\\/fotografas-andrius-mazeika-mazeikashoots-avatar.jpg\",\"contentUrl\":\"https:\\\/\\\/andriusmazeika.com\\\/wp-content\\\/uploads\\\/2023\\\/07\\\/fotografas-andrius-mazeika-mazeikashoots-avatar.jpg\",\"width\":696,\"height\":696,\"caption\":\"Andrius\"},\"logo\":{\"@id\":\"https:\\\/\\\/andriusmazeika.com\\\/wp-content\\\/uploads\\\/2023\\\/07\\\/fotografas-andrius-mazeika-mazeikashoots-avatar.jpg\"},\"sameAs\":[\"https:\\\/\\\/andriusmazeika.com\",\"https:\\\/\\\/www.facebook.com\\\/mazeikaphoto\\\/\",\"https:\\\/\\\/www.instagram.com\\\/mazeikaphoto\\\/\"]}]}<\/script>\n<!-- \/ Yoast SEO plugin. -->","yoast_head_json":{"title":"Dovan\u0173 kuponas fotosesijai, autoriniams foto printams | Andrius Ma\u017eeika","description":"Dovan\u0173 kuponas asmeninei ar nude fotosesijai, autoriniams riboto tira\u017eo printams. Galioja 6 m\u0117n. Fotomenininkas Andrius Ma\u017eeika.","robots":{"index":"index","follow":"follow","max-snippet":"max-snippet:-1","max-image-preview":"max-image-preview:large","max-video-preview":"max-video-preview:-1"},"canonical":"https:\/\/andriusmazeika.com\/en\/preke\/dovanu-kuponas\/","og_locale":"en_US","og_type":"article","og_title":"Dovan\u0173 kuponas fotosesijai, autoriniams foto printams | Andrius Ma\u017eeika","og_description":"Dovan\u0173 kuponas asmeninei ar nude fotosesijai, autoriniams riboto tira\u017eo printams. Galioja 6 m\u0117n. Fotomenininkas Andrius Ma\u017eeika.","og_url":"https:\/\/andriusmazeika.com\/en\/preke\/dovanu-kuponas\/","og_site_name":"Andrius Ma\u017eeika","article_publisher":"https:\/\/www.facebook.com\/mazeikaphoto\/","article_modified_time":"2026-01-19T18:56:25+00:00","og_image":[{"width":1280,"height":1280,"url":"https:\/\/andriusmazeika.com\/wp-content\/uploads\/2025\/09\/dovanu-kuponas-fotosesijai-e1756735417511.jpeg","type":"image\/jpeg"}],"twitter_card":"summary_large_image","twitter_misc":{"Est. reading time":"1 minute"},"schema":{"@context":"https:\/\/schema.org","@graph":[{"@type":"WebPage","@id":"https:\/\/andriusmazeika.com\/en\/preke\/dovanu-kuponas\/","url":"https:\/\/andriusmazeika.com\/en\/preke\/dovanu-kuponas\/","name":"Dovan\u0173 kuponas fotosesijai, autoriniams foto printams | Andrius Ma\u017eeika","isPartOf":{"@id":"https:\/\/andriusmazeika.com\/en\/#website"},"primaryImageOfPage":{"@id":"https:\/\/andriusmazeika.com\/en\/preke\/dovanu-kuponas\/#primaryimage"},"image":{"@id":"https:\/\/andriusmazeika.com\/en\/preke\/dovanu-kuponas\/#primaryimage"},"thumbnailUrl":"https:\/\/andriusmazeika.com\/wp-content\/uploads\/2025\/09\/dovanu-kuponas-fotosesijai-e1756735417511.jpeg","datePublished":"2025-09-02T11:59:04+00:00","dateModified":"2026-01-19T18:56:25+00:00","description":"Dovan\u0173 kuponas asmeninei ar nude fotosesijai, autoriniams riboto tira\u017eo printams. Galioja 6 m\u0117n. Fotomenininkas Andrius Ma\u017eeika.","breadcrumb":{"@id":"https:\/\/andriusmazeika.com\/en\/preke\/dovanu-kuponas\/#breadcrumb"},"inLanguage":"en-US","potentialAction":[{"@type":"ReadAction","target":["https:\/\/andriusmazeika.com\/en\/preke\/dovanu-kuponas\/"]}]},{"@type":"ImageObject","inLanguage":"en-US","@id":"https:\/\/andriusmazeika.com\/en\/preke\/dovanu-kuponas\/#primaryimage","url":"https:\/\/andriusmazeika.com\/wp-content\/uploads\/2025\/09\/dovanu-kuponas-fotosesijai-e1756735417511.jpeg","contentUrl":"https:\/\/andriusmazeika.com\/wp-content\/uploads\/2025\/09\/dovanu-kuponas-fotosesijai-e1756735417511.jpeg","width":1280,"height":1280,"caption":"Dovan\u0173 kuponas fotosesijai"},{"@type":"BreadcrumbList","@id":"https:\/\/andriusmazeika.com\/en\/preke\/dovanu-kuponas\/#breadcrumb","itemListElement":[{"@type":"ListItem","position":1,"name":"Home","item":"https:\/\/andriusmazeika.com\/en\/"},{"@type":"ListItem","position":2,"name":"Printai","item":"https:\/\/andriusmazeika.com\/printai\/"},{"@type":"ListItem","position":3,"name":"Dovan\u0173 kuponas"}]},{"@type":"WebSite","@id":"https:\/\/andriusmazeika.com\/en\/#website","url":"https:\/\/andriusmazeika.com\/en\/","name":"Andrius Ma\u017eeika","description":"fotografas, fotomenininkas","publisher":{"@id":"https:\/\/andriusmazeika.com\/en\/#\/schema\/person\/9e4f5e19350074cea8f6646d5241f5e4"},"potentialAction":[{"@type":"SearchAction","target":{"@type":"EntryPoint","urlTemplate":"https:\/\/andriusmazeika.com\/en\/?s={search_term_string}"},"query-input":{"@type":"PropertyValueSpecification","valueRequired":true,"valueName":"search_term_string"}}],"inLanguage":"en-US"},{"@type":["Person","Organization"],"@id":"https:\/\/andriusmazeika.com\/en\/#\/schema\/person\/9e4f5e19350074cea8f6646d5241f5e4","name":"Andrius","image":{"@type":"ImageObject","inLanguage":"en-US","@id":"https:\/\/andriusmazeika.com\/wp-content\/uploads\/2023\/07\/fotografas-andrius-mazeika-mazeikashoots-avatar.jpg","url":"https:\/\/andriusmazeika.com\/wp-content\/uploads\/2023\/07\/fotografas-andrius-mazeika-mazeikashoots-avatar.jpg","contentUrl":"https:\/\/andriusmazeika.com\/wp-content\/uploads\/2023\/07\/fotografas-andrius-mazeika-mazeikashoots-avatar.jpg","width":696,"height":696,"caption":"Andrius"},"logo":{"@id":"https:\/\/andriusmazeika.com\/wp-content\/uploads\/2023\/07\/fotografas-andrius-mazeika-mazeikashoots-avatar.jpg"},"sameAs":["https:\/\/andriusmazeika.com","https:\/\/www.facebook.com\/mazeikaphoto\/","https:\/\/www.instagram.com\/mazeikaphoto\/"]}]}},"_links":{"self":[{"href":"https:\/\/andriusmazeika.com\/en\/wp-json\/wp\/v2\/product\/159741","targetHints":{"allow":["GET"]}}],"collection":[{"href":"https:\/\/andriusmazeika.com\/en\/wp-json\/wp\/v2\/product"}],"about":[{"href":"https:\/\/andriusmazeika.com\/en\/wp-json\/wp\/v2\/types\/product"}],"replies":[{"embeddable":true,"href":"https:\/\/andriusmazeika.com\/en\/wp-json\/wp\/v2\/comments?post=159741"}],"wp:featuredmedia":[{"embeddable":true,"href":"https:\/\/andriusmazeika.com\/en\/wp-json\/wp\/v2\/media\/159755"}],"wp:attachment":[{"href":"https:\/\/andriusmazeika.com\/en\/wp-json\/wp\/v2\/media?parent=159741"}],"wp:term":[{"taxonomy":"product_brand","embeddable":true,"href":"https:\/\/andriusmazeika.com\/en\/wp-json\/wp\/v2\/product_brand?post=159741"},{"taxonomy":"product_cat","embeddable":true,"href":"https:\/\/andriusmazeika.com\/en\/wp-json\/wp\/v2\/product_cat?post=159741"},{"taxonomy":"product_tag","embeddable":true,"href":"https:\/\/andriusmazeika.com\/en\/wp-json\/wp\/v2\/product_tag?post=159741"}],"curies":[{"name":"wp","href":"https:\/\/api.w.org\/{rel}","templated":true}]}}